{"id":2040,"date":"2024-12-28T18:13:01","date_gmt":"2024-12-28T15:13:01","guid":{"rendered":"https:\/\/pratikplanproje.com\/tr\/?page_id=2040"},"modified":"2025-01-01T22:35:51","modified_gmt":"2025-01-01T19:35:51","slug":"hakkimizda","status":"publish","type":"page","link":"https:\/\/pratikplanproje.com\/tr\/hakkimizda\/","title":{"rendered":"Hakk\u0131m\u0131zda"},"content":{"rendered":"<div class=\"wpb-content-wrapper\"><p>[vc_row][vc_column]<div class=\"about-wrap about-one about-69eb2df59e097 \"><div class=\"roof-picture\"><img decoding=\"async\" src=\"https:\/\/pratikplanproje.com\/tr\/wp-content\/uploads\/2024\/12\/iskele-fabrika.png\" alt=\"Author\"><\/div><div class=\"about-info \"><h5>HAKKIMIZDA<\/h5><h3>Pratik \u0130skele ve Kal\u0131p Sistemleri<\/h3><p class=\"p1\"><span class=\"s1\"><b>PRAT\u0130K PLAN PROJE<\/b> <\/span>ailesi olarak 1996 y\u0131l\u0131ndan bug\u00fcne kadar in\u015faat iskele ve kal\u0131p sistemleri, \u00e7elik konstr\u00fcksiyon alan\u0131nda h\u0131zla b\u00fcy\u00fcyen geli\u015fen kendini yenileyen yap\u0131 sekt\u00f6r\u00fcnde deneyim ve uzmanl\u0131\u011f\u0131yla \u00f6nde gelen i\u015f orta\u011f\u0131n\u0131zdan biri olmu\u015ftur.<\/p>\n<p class=\"p1\">\u0130\u015f hayat\u0131na girdi\u011fi g\u00fcnden bug\u00fcne kadar bir\u00e7ok mimar\u00ee projelerde yayg\u0131n \u015fekilde kullan\u0131lm\u0131\u015f ve kullan\u0131lmakta olan <span class=\"s1\"><b>Pratik in\u015faat iskele ve kal\u0131p sistemleri \u00fcr\u00fcnleri<\/b><\/span> m\u00fchendislerimiz taraf\u0131ndan personelin g\u00fcvenli olarak \u00e7al\u0131\u015fabilece\u011fi, toplam maliyette ekonomik, her ortama uyum sa\u011flayabilen, mukavemet ve emniyet de\u011ferleri y\u00fcksek, kolay kurulup s\u00f6k\u00fclebilen tasar\u0131mlar\u0131yla d\u00fcnya standartlar\u0131nda \u00fcretim yapmaktad\u0131r.<\/p>\n<\/div><\/div>[vc_column_text css=&#8221;.vc_custom_1735741953258{margin-top: 25px !important;margin-bottom: 25px !important;}&#8221;]<\/p>\n<p class=\"p1\"><span class=\"s1\"><b>PRAT\u0130K PLAN PROJE<\/b> <\/span>2007 y\u0131l\u0131nda ARGE \u00e7al\u0131\u015fmalar\u0131 sonucu i\u015f\u00e7ilikten ve zamandan %50 tasarruf sa\u011flayan, emniyetli, ekonomik, estetik ve kalite standartlar\u0131na uygun patentli <span class=\"s1\"><b>Pratik \u0130skele Sistemini<\/b><\/span> geli\u015ftirmi\u015ftir. <span class=\"s1\"><b>Pratik \u0130skele Sistemi<\/b><\/span> ile birlikte di\u011fer teknolojik iskele ve kal\u0131p sistemleri \u00fcr\u00fcnlerini d\u00fcnya pazar\u0131na sunmak i\u00e7in <span class=\"s1\"><b>PRAT\u0130K PLAN PROJE \u0130N\u015eAAT METAL \u0130SKELE KALIP S\u0130STEMLER\u0130 SAN. ve T\u0130C. A.\u015e.<\/b><\/span> kurulmu\u015ftur.<\/p>\n<p class=\"p1\">Kaliteli \u00fcr\u00fcn, kaliteli i\u015f\u00e7ilik, zaman\u0131nda teslimat, projelendirme ve sat\u0131\u015f sonras\u0131 teknik deste\u011fiyle m\u00fc\u015fteri memnuniyetini \u00f6n planda tutarak \u00e7\u00f6z\u00fcm odakl\u0131 \u00e7al\u0131\u015fmalar\u0131na devam eden <span class=\"s1\"><b>Pratik \u0130skele ve Kal\u0131p Sistemleri<\/b><\/span> kalitesinden taviz vermeden yap\u0131 sekt\u00f6r\u00fcne g\u00fcvenle hizmet vermeye devam etmektedir.<\/p>\n<p class=\"p1\">Projelerinize uygun \u00e7\u00f6z\u00fcmler sunmay\u0131 ve geli\u015ftirdi\u011fi sistemlerle her ihtiyac\u0131n\u0131za cevap vermeyi ilke edinen firmam\u0131z patentli \u00fcr\u00fcnleriyle in\u015faat iskele ve kal\u0131p sistemleri konusunda sizlere her t\u00fcrl\u00fc deste\u011fi vermeye haz\u0131rd\u0131r. Alan\u0131nda uzman ve deneyimli kadromuzla sizlerle \u00e7al\u0131\u015fmaktan onur duyar, \u00e7al\u0131\u015fmalar\u0131n\u0131zda ba\u015far\u0131lar dileriz.<\/p>\n<p>[\/vc_column_text][\/vc_column][\/vc_row][vc_row][vc_column css=&#8221;.vc_custom_1497435133918{padding-top: 0px !important;padding-bottom: 0px !important;}&#8221;][vc_separator][\/vc_column][\/vc_row][vc_row overlay_dotted=&#8221;&#8221;][vc_column][vc_custom_heading text=&#8221;Hizmetlerimiz&#8221; font_container=&#8221;tag:h2|text_align:left|color:%23232323&#8243; google_fonts=&#8221;font_family:Raleway%3A100%2C200%2C300%2Cregular%2C500%2C600%2C700%2C800%2C900|font_style:700%20bold%20regular%3A700%3Anormal&#8221; css=&#8221;&#8221;]<ul class=\"square-bullets  roof-list-69eb2df59e245\"><li>AutoCAD, SolidWorks, 3d SMAX, AutoCAD\u00ae Plant 3D gibi programlarda tasarlad\u0131\u011f\u0131n\u0131z projelerde bu projelere uygun hangi t\u00fcr iskele ve kal\u0131p sistemlerinin kullan\u0131laca\u011f\u0131n\u0131 ve ne kadar malzeme gidece\u011fini bizden \u00f6\u011frenebilirsiniz. Pratik \u0130skele ve Kal\u0131p Sistemleri, betonarme imalatlar\u0131n\u0131za g\u00f6re en d\u00fc\u015f\u00fck maliyette iskele ve kal\u0131p planlamas\u0131 yaparak projelerinizin daha k\u0131sa zamanda bitmesini sa\u011flamakta ve uygulama deste\u011fi vermektedir.<\/li><\/ul>[\/vc_column][\/vc_row][vc_row][vc_column width=&#8221;1\/4&#8243;][vc_single_image image=&#8221;2060&#8243; img_size=&#8221;medium&#8221; onclick=&#8221;link_image&#8221; css=&#8221;&#8221;][\/vc_column][vc_column width=&#8221;1\/4&#8243;][vc_single_image image=&#8221;2059&#8243; img_size=&#8221;medium&#8221; onclick=&#8221;link_image&#8221; css=&#8221;&#8221;][\/vc_column][vc_column width=&#8221;1\/4&#8243;][vc_single_image image=&#8221;2058&#8243; img_size=&#8221;medium&#8221; onclick=&#8221;link_image&#8221; css=&#8221;&#8221;][\/vc_column][vc_column width=&#8221;1\/4&#8243;][vc_single_image image=&#8221;2057&#8243; img_size=&#8221;medium&#8221; onclick=&#8221;link_image&#8221; css=&#8221;&#8221;][\/vc_column][\/vc_row][vc_row][vc_column css=&#8221;.vc_custom_1497435133918{padding-top: 0px !important;padding-bottom: 0px !important;}&#8221;][vc_separator][\/vc_column][\/vc_row][vc_row overlay_dotted=&#8221;&#8221;][vc_column width=&#8221;1\/2&#8243;][vc_custom_heading text=&#8221;\u00dcretim Planlama ve Y\u00f6netimi&#8221; font_container=&#8221;tag:h2|text_align:left|color:%23232323&#8243; google_fonts=&#8221;font_family:Raleway%3A100%2C200%2C300%2Cregular%2C500%2C600%2C700%2C800%2C900|font_style:700%20bold%20regular%3A700%3Anormal&#8221; css=&#8221;&#8221;]<ul class=\"square-bullets  roof-list-69eb2df59e26d\"><li>\u0130malat\u0131m\u0131zda kulland\u0131\u011f\u0131m\u0131z malzemeler TSE belgeli olup, mekanik testlere tabi tutulmu\u015f ve deney raporlar\u0131 al\u0131nm\u0131\u015ft\u0131r.<\/li><li>\u00dcretimi tamamlanan \u00fcr\u00fcnlerin uzun s\u00fcreli kullan\u0131m\u0131 i\u00e7in i\u00e7 ve d\u0131\u015f k\u0131s\u0131mlar\u0131 dald\u0131rma boyama sistemi ile boyanmaktad\u0131r.<\/li><li>Yap\u0131 projelerinize uygun \u00f6zel kal\u0131p ve iskele \u00e7\u00f6z\u00fcmleri sunulmaktad\u0131r.<\/li><li>\u015eantiye tecr\u00fcbesine sahip kal\u0131p ve iskele sistemleri konusunda uzman personelimiz proje sonuna kadar yan\u0131n\u0131zdad\u0131r.<\/li><li>Gerekli y\u00fck ta\u015f\u0131ma hesaplar\u0131 yap\u0131ld\u0131ktan sonra malzeme metrajlar\u0131 \u00e7\u0131kart\u0131l\u0131r. \u0130skele montaj planlar\u0131 ve kesitleri Autocad program\u0131nda haz\u0131rlan\u0131p taraf\u0131n\u0131za iletilir.<\/li><li>\u00dcr\u00fcnlerimiz genellikle alet gerektirmeden kolayca kurulup s\u00f6k\u00fclebilir \u015fekilde dizayn edilmi\u015ftir.<\/li><\/ul>[\/vc_column][vc_column width=&#8221;1\/2&#8243;][vc_custom_heading text=&#8221;Kalite Standartlar\u0131m\u0131z&#8221; font_container=&#8221;tag:h2|text_align:left|color:%23232323&#8243; google_fonts=&#8221;font_family:Raleway%3A100%2C200%2C300%2Cregular%2C500%2C600%2C700%2C800%2C900|font_style:700%20bold%20regular%3A700%3Anormal&#8221; css=&#8221;&#8221;]<ul class=\"square-bullets  roof-list-69eb2df59e295\"><li>M\u00fc\u015fterilerimizin gereksinimlerini zaman\u0131nda ve eksiksiz olarak kar\u015f\u0131lamay\u0131, kaynaklar\u0131m\u0131z \u00e7er\u00e7evesinde hizmet kalitesini iyile\u015ftirmeyi, m\u00fc\u015fteri memnuniyetini artt\u0131rmaya y\u00f6nelik \u00f6nlemler almay\u0131 g\u00f6revlerimiz olarak benimsedik.<\/li><li>Topluma ve \u00e7evreye kar\u015f\u0131 sorumluluklar\u0131n\u0131n bilincinde, teknoloji ve kalite a\u00e7\u0131s\u0131ndan sekt\u00f6r\u00fcnde lider bir kurulu\u015f olma hedefiyle, m\u00fc\u015fterilerimize en y\u00fcksek fayday\u0131 sa\u011flayacak \u00fcr\u00fcn ve hizmetleri en iyi \u00e7\u00f6z\u00fcm orta\u011f\u0131 olarak sunmak ve s\u00fcrekli m\u00fc\u015fteri memnuniyetini sa\u011flamakt\u0131r.<\/li><li>Maliyetlerimizi d\u00fc\u015f\u00fcrmek, verimlili\u011fimizi ve uzun vadeli karl\u0131l\u0131\u011f\u0131m\u0131z\u0131 artt\u0131rmak, gelece\u011fimizi g\u00fcven alt\u0131na almak, tedarik\u00e7ilerimizle kar\u015f\u0131l\u0131kl\u0131 i\u015fbirli\u011fi ve g\u00fcven i\u00e7erisinde \u00e7al\u0131\u015farak sa\u011flanabilir.<\/li><li>ISO 9001, ISO 14001 ve OHSAS 18001, TS EN ISO\/IEC 17020, TS EN ISO\/IEC 17024, TS EN ISO \/ IEC 17025 ve TS EN 45011 standartlar\u0131n\u0131n gereklerine g\u00f6re kurulmu\u015f olan Y\u00f6netim Sistemimizi t\u00fcm \u00e7al\u0131\u015fanlar\u0131m\u0131z\u0131n kat\u0131l\u0131m\u0131 ile uygulayarak, hizmetlerimizi s\u00fcrekli iyile\u015ftirmeyi taahh\u00fct ederiz.<\/li><li>Bu ama\u00e7la \"Daha Y\u00fckse\u011fe Daha G\u00fcvenle\" slogan\u0131 ile B\u0130RL\u0130KTE GELECE\u011eE...<\/li><\/ul>[\/vc_column][\/vc_row][vc_row][vc_column css=&#8221;.vc_custom_1497435133918{padding-top: 0px !important;padding-bottom: 0px !important;}&#8221;][vc_separator][\/vc_column][\/vc_row][vc_row][vc_column][vc_custom_heading text=&#8221;Belgelerimiz&#8221; font_container=&#8221;tag:h2|font_size:24|text_align:left|color:%23232323&#8243; google_fonts=&#8221;font_family:Raleway%3A100%2C200%2C300%2Cregular%2C500%2C600%2C700%2C800%2C900|font_style:700%20bold%20regular%3A700%3Anormal&#8221; css=&#8221;.vc_custom_1735403019078{margin-bottom: 30px !important;}&#8221;][\/vc_column][\/vc_row][vc_row overlay_dotted=&#8221;&#8221;][vc_column width=&#8221;1\/5&#8243; css=&#8221;.vc_custom_1735760011223{border-color: #000000 !important;}&#8221;][vc_single_image image=&#8221;2233&#8243; img_size=&#8221;medium&#8221; onclick=&#8221;link_image&#8221; css=&#8221;.vc_custom_1735760138278{margin-top: 0px !important;margin-right: 0px !important;margin-bottom: 0px !important;margin-left: 0px !important;border-top-width: 0px !important;border-right-width: 0px !important;border-bottom-width: 0px !important;border-left-width: 0px !important;padding-top: 0px !important;padding-right: 0px !important;padding-bottom: 0px !important;padding-left: 0px !important;}&#8221;][\/vc_column][vc_column width=&#8221;1\/5&#8243;][vc_single_image image=&#8221;2234&#8243; img_size=&#8221;medium&#8221; onclick=&#8221;link_image&#8221; css=&#8221;&#8221;][\/vc_column][vc_column width=&#8221;1\/5&#8243;][vc_single_image image=&#8221;2235&#8243; img_size=&#8221;medium&#8221; onclick=&#8221;link_image&#8221; css=&#8221;&#8221;][\/vc_column][vc_column width=&#8221;1\/5&#8243;][vc_single_image image=&#8221;2236&#8243; img_size=&#8221;medium&#8221; onclick=&#8221;link_image&#8221; css=&#8221;&#8221;][\/vc_column][vc_column width=&#8221;1\/5&#8243;][vc_single_image image=&#8221;2237&#8243; img_size=&#8221;medium&#8221; onclick=&#8221;link_image&#8221; css=&#8221;&#8221;][\/vc_column][\/vc_row][vc_row][vc_column css=&#8221;.vc_custom_1497435133918{padding-top: 0px !important;padding-bottom: 0px !important;}&#8221;][vc_separator][\/vc_column][\/vc_row][vc_row][vc_column]<div class=\"roof-partners\"><div class=\"roof-carousel\"\n           data-loop=\"false\" data-dots=\"true\" data-nav=\"true\" data-items=\"7\" data-margin=\"30\" data-auto-height=\"true\" data-items-tablet=\"3\" data-items-mobile-landscape=\"2\" data-items-mobile-portrait=\"1\"><div class=\"item\"><div class=\"roof-picture\"><img decoding=\"async\" src=\"https:\/\/pratikplanproje.com\/tr\/wp-content\/uploads\/2024\/12\/TURKAK-8.png\" alt=\"\"><\/div><\/div><div class=\"item\"><div class=\"roof-picture\"><img decoding=\"async\" src=\"https:\/\/pratikplanproje.com\/tr\/wp-content\/uploads\/2024\/12\/FQC-8.png\" alt=\"\"><\/div><\/div><div class=\"item\"><div class=\"roof-picture\"><img decoding=\"async\" src=\"https:\/\/pratikplanproje.com\/tr\/wp-content\/uploads\/2024\/12\/KAYSO-8.png\" alt=\"\"><\/div><\/div><div class=\"item\"><div class=\"roof-picture\"><img decoding=\"async\" src=\"https:\/\/pratikplanproje.com\/tr\/wp-content\/uploads\/2024\/12\/TPE-8.png\" alt=\"\"><\/div><\/div><div class=\"item\"><div class=\"roof-picture\"><img decoding=\"async\" src=\"https:\/\/pratikplanproje.com\/tr\/wp-content\/uploads\/2024\/12\/BSTB-8.png\" alt=\"\"><\/div><\/div><div class=\"item\"><div class=\"roof-picture\"><img decoding=\"async\" src=\"https:\/\/pratikplanproje.com\/tr\/wp-content\/uploads\/2024\/12\/TSEK-8.png\" alt=\"\"><\/div><\/div><div class=\"item\"><div class=\"roof-picture\"><img decoding=\"async\" src=\"https:\/\/pratikplanproje.com\/tr\/wp-content\/uploads\/2024\/12\/CE-8.png\" alt=\"\"><\/div><\/div><\/div><\/div>[\/vc_column][\/vc_row]<\/p>\n<\/div>","protected":false},"excerpt":{"rendered":"[vc_row][vc_column][vc_column_text css=&#8221;.vc_custom_1735741953258{margin-top: 25px !important;margin-bottom: 25px !important;}&#8221;] PRAT\u0130K PLAN PROJE 2007 y\u0131l\u0131nda ARGE \u00e7al\u0131\u015fmalar\u0131 sonucu i\u015f\u00e7ilikten ve zamandan %50 tasarruf sa\u011flayan, emniyetli, ekonomik, estetik ve kalite standartlar\u0131na uygun patentli Pratik \u0130skele Sistemini geli\u015ftirmi\u015ftir. Pratik \u0130skele Sistemi ile birlikte di\u011fer teknolojik iskele ve kal\u0131p sistemleri \u00fcr\u00fcnlerini d\u00fcnya pazar\u0131na sunmak i\u00e7in PRAT\u0130K PLAN PROJE \u0130N\u015eAAT METAL \u0130SKELE KALIP[&#8230;]","protected":false},"author":1,"featured_media":0,"parent":0,"menu_order":0,"comment_status":"closed","ping_status":"closed","template":"","meta":{"footnotes":""},"class_list":["post-2040","page","type-page","status-publish","hentry"],"_links":{"self":[{"href":"https:\/\/pratikplanproje.com\/tr\/wp-json\/wp\/v2\/pages\/2040","targetHints":{"allow":["GET"]}}],"collection":[{"href":"https:\/\/pratikplanproje.com\/tr\/wp-json\/wp\/v2\/pages"}],"about":[{"href":"https:\/\/pratikplanproje.com\/tr\/wp-json\/wp\/v2\/types\/page"}],"author":[{"embeddable":true,"href":"https:\/\/pratikplanproje.com\/tr\/wp-json\/wp\/v2\/users\/1"}],"replies":[{"embeddable":true,"href":"https:\/\/pratikplanproje.com\/tr\/wp-json\/wp\/v2\/comments?post=2040"}],"version-history":[{"count":29,"href":"https:\/\/pratikplanproje.com\/tr\/wp-json\/wp\/v2\/pages\/2040\/revisions"}],"predecessor-version":[{"id":2241,"href":"https:\/\/pratikplanproje.com\/tr\/wp-json\/wp\/v2\/pages\/2040\/revisions\/2241"}],"wp:attachment":[{"href":"https:\/\/pratikplanproje.com\/tr\/wp-json\/wp\/v2\/media?parent=2040"}],"curies":[{"name":"wp","href":"https:\/\/api.w.org\/{rel}","templated":true}]}}